{"id":93,"date":"2023-09-19T16:00:53","date_gmt":"2023-09-19T19:00:53","guid":{"rendered":"https:\/\/funcabes.com.br\/protocolo\/?page_id=93"},"modified":"2023-09-19T16:25:47","modified_gmt":"2023-09-19T19:25:47","slug":"faq","status":"publish","type":"page","link":"https:\/\/funcabes.com.br\/protocolo\/faq\/","title":{"rendered":"Perguntas Frequentes"},"content":{"rendered":"<section class=\"l-section wpb_row height_medium\"><div class=\"l-section-h i-cf\"><div class=\"g-cols type_default valign_top\"><div class=\"vc_col-sm-12 wpb_column vc_column_container\"><div class=\"vc_column-inner\"><div class=\"wpb_wrapper\"><div class=\"g-cols wpb_row type_default valign_top vc_inner \"><div class=\"vc_col-sm-12 wpb_column vc_column_container\"><div class=\"vc_column-inner\"><div class=\"wpb_wrapper\"><div class=\"w-separator type_default size_large thick_1 style_solid color_border cont_text\"><span class=\"w-separator-h\"><h3>FUNCABES SEDE<\/h3><\/span><\/div><div class=\"wpb_text_column \"><div class=\"wpb_wrapper\">\n<h5 style=\"text-align: justify;\"><i class=\"fa fa-chevron-right\" aria-hidden=\"true\"><\/i> Quais s\u00e3o os Benef\u00edcios oferecidos pela Funcabes?<\/h5>\n<p style=\"text-align: justify;\">Plano de Sa\u00fade, Plano Odontol\u00f3gico, Assist\u00eancia Funeral, Seguro de Vida, Auxilio Transporte e Auxilio Alimenta\u00e7\u00e3o.<\/p>\n<\/div> <\/div> <div class=\"w-separator type_default size_small thick_1 style_solid color_border cont_none\"><span class=\"w-separator-h\"><\/span><\/div><div class=\"wpb_text_column \"><div class=\"wpb_wrapper\">\n<h5 style=\"text-align: justify;\"><i class=\"fa fa-chevron-right\" aria-hidden=\"true\"><\/i> Quem pode aderir aos benef\u00edcios?<\/h5>\n<p style=\"text-align: justify;\">Os benef\u00edcios s\u00e3o exclusivos para Servidores da Unitau \u2013 Consultar regras, valores e disponibilidades diretamente em nossa secretaria.<br \/>\nAposentados e Pensionistas do IPMT podem aderir ao plano de Sa\u00fade Santa Casa \u2013 Consultar valores e disponibilidades diretamente em nossa secretaria.<\/p>\n<\/div> <\/div> <div class=\"w-separator type_default size_small thick_1 style_solid color_border cont_none\"><span class=\"w-separator-h\"><\/span><\/div><div class=\"wpb_text_column \"><div class=\"wpb_wrapper\">\n<h5 style=\"text-align: justify;\"><i class=\"fa fa-chevron-right\" aria-hidden=\"true\"><\/i> Qual a cobertura do Plano de Sa\u00fade Santa Casa?<\/h5>\n<p style=\"text-align: justify;\">Vale do Para\u00edba, Litoral Norte e Serra da Mantiqueira.<\/p>\n<\/div> <\/div> <div class=\"w-separator type_default size_small thick_1 style_solid color_border cont_none\"><span class=\"w-separator-h\"><\/span><\/div><div class=\"wpb_text_column \"><div class=\"wpb_wrapper\">\n<h5 style=\"text-align: justify;\"><i class=\"fa fa-chevron-right\" aria-hidden=\"true\"><\/i> Boletos em atraso ainda podem ser pagos?<\/h5>\n<p style=\"text-align: justify;\">Sim. Os boletos t\u00eam validade de 56 dias ap\u00f3s emitidos, assim \u00e9 poss\u00edvel efetuar o pagamento mesmo ap\u00f3s o vencimento, no qual ser\u00e1 calculado automaticamente a multa.<\/p>\n<\/div> <\/div> [vc_empty_space height=&#8221;60px&#8221;]<\/div><\/div><\/div><\/div><div class=\"g-cols wpb_row type_default valign_top vc_inner \"><div class=\"vc_col-sm-12 wpb_column vc_column_container\"><div class=\"vc_column-inner\"><div class=\"wpb_wrapper\"><div class=\"w-separator type_default size_large thick_1 style_solid color_border cont_text\"><span class=\"w-separator-h\"><h3>FUNCABES CONV\u00caNIO \u2013 PREFEITURA DE TAUBAT\u00c9<\/h3><\/span><\/div><div class=\"wpb_text_column \"><div class=\"wpb_wrapper\">\n<h5><i class=\"fa fa-chevron-right\" aria-hidden=\"true\"><\/i> Como trabalhar na Funcabes?<\/h5>\n<p>O ingresso no quadro de pessoal da Funcabes depende de aprova\u00e7\u00e3o pr\u00e9via em processo seletivo de provas ou provas e t\u00edtulos. Os interessados em trabalhar como eventuais devem se cadastrar atrav\u00e9s do formul\u00e1rio que est\u00e1 dispon\u00edvel no link: <a href=\"https:\/\/funcabes.com.br\/convenios\/cadastro-eventual\/\" target=\"_blank\" rel=\"noopener\">https:\/\/funcabes.com.br\/convenios\/cadastro-eventual\/<\/a>.<\/div> <\/div> <div class=\"w-separator type_default size_small thick_1 style_solid color_border cont_none\"><span class=\"w-separator-h\"><\/span><\/div><div class=\"wpb_text_column \"><div class=\"wpb_wrapper\">\n<h5 style=\"text-align: justify;\"><i class=\"fa fa-chevron-right\" aria-hidden=\"true\"><\/i> Como ter acesso aos meus comprovantes de pagamento (Holerites)?<\/h5>\n<p style=\"text-align: justify;\">Os comprovantes de pagamento (holerites) com as descri\u00e7\u00f5es dos rendimentos e descontos est\u00e3o dispon\u00edveis no site <a href=\"http:\/\/18.230.27.27\/portaldoservidorfuncabes#\/\">http:\/\/18.230.27.27\/portaldoservidorfuncabes#\/inicio<\/a> para consulta particular.<\/p>\n<\/div> <\/div> <div class=\"w-separator type_default size_small thick_1 style_solid color_border cont_none\"><span class=\"w-separator-h\"><\/span><\/div><div class=\"wpb_text_column \"><div class=\"wpb_wrapper\">\n<h5 style=\"text-align: justify;\"><i class=\"fa fa-chevron-right\" aria-hidden=\"true\"><\/i> Como procedo com a entrega de atestado m\u00e9dico?<\/h5>\n<p style=\"text-align: justify;\">O atestado deve ser entregue em at\u00e9 48 horas via e-mail atestado@funcabes.com.br e o original deve ser anexado a folha de frequ\u00eancia.<\/p>\n<\/div> <\/div> <div class=\"w-separator type_default size_small thick_1 style_solid color_border cont_none\"><span class=\"w-separator-h\"><\/span><\/div><div class=\"wpb_text_column \"><div class=\"wpb_wrapper\">\n<h5 style=\"text-align: justify;\"><i class=\"fa fa-chevron-right\" aria-hidden=\"true\"><\/i> Como preencho adequadamente a folha de frequ\u00eancia?<\/h5>\n<p style=\"text-align: justify;\">1) Colocar os hor\u00e1rios exatos de entrada e sa\u00edda; 2) Anotar no campo de observa\u00e7\u00f5es os casos pontuais de aus\u00eancia; 3) N\u00e3o esquecer de assinar a folha; 4) N\u00e3o rasurar.<\/p>\n<\/div> <\/div> <div class=\"w-separator type_default size_small thick_1 style_solid color_border cont_none\"><span class=\"w-separator-h\"><\/span><\/div><div class=\"wpb_text_column \"><div class=\"wpb_wrapper\">\n<h5 style=\"text-align: justify;\"><i class=\"fa fa-chevron-right\" aria-hidden=\"true\"><\/i> Como saber sobre minhas f\u00e9rias?<\/h5>\n<p style=\"text-align: justify;\">O per\u00edodo de descanso que o funcion\u00e1rio tem direito vence a partir do 12\u00ba m\u00eas (per\u00edodo aquisitivo) e a empresa tem at\u00e9 os 12 meses seguintes para conceder as f\u00e9rias em acordo com o setor pedag\u00f3gico. Para maiores esclarecimentos consulte o setor de Rh.<\/p>\n<\/div> <\/div> <\/div><\/div><\/div><\/div><\/div><\/div><\/div><\/div><\/div><\/section>\n","protected":false},"excerpt":{"rendered":"Av. Nove de Julho, 245 \u2013 Centro CEP 12020-200 \u2013 Taubat\u00e9\/SP(12) 3633-3855 Facebook LinkedIn Instagram [vc_empty_space] \u00a9 Funcabes","protected":false},"author":1,"featured_media":0,"parent":0,"menu_order":0,"comment_status":"closed","ping_status":"closed","template":"","meta":{"footnotes":""},"class_list":["post-93","page","type-page","status-publish","hentry"],"_links":{"self":[{"href":"https:\/\/funcabes.com.br\/protocolo\/wp-json\/wp\/v2\/pages\/93","targetHints":{"allow":["GET"]}}],"collection":[{"href":"https:\/\/funcabes.com.br\/protocolo\/wp-json\/wp\/v2\/pages"}],"about":[{"href":"https:\/\/funcabes.com.br\/protocolo\/wp-json\/wp\/v2\/types\/page"}],"author":[{"embeddable":true,"href":"https:\/\/funcabes.com.br\/protocolo\/wp-json\/wp\/v2\/users\/1"}],"replies":[{"embeddable":true,"href":"https:\/\/funcabes.com.br\/protocolo\/wp-json\/wp\/v2\/comments?post=93"}],"version-history":[{"count":21,"href":"https:\/\/funcabes.com.br\/protocolo\/wp-json\/wp\/v2\/pages\/93\/revisions"}],"predecessor-version":[{"id":114,"href":"https:\/\/funcabes.com.br\/protocolo\/wp-json\/wp\/v2\/pages\/93\/revisions\/114"}],"wp:attachment":[{"href":"https:\/\/funcabes.com.br\/protocolo\/wp-json\/wp\/v2\/media?parent=93"}],"curies":[{"name":"wp","href":"https:\/\/api.w.org\/{rel}","templated":true}]}}