{"id":3,"date":"2023-08-29T12:42:46","date_gmt":"2023-08-29T12:42:46","guid":{"rendered":"https:\/\/funcabes.com.br\/protocolo\/?page_id=3"},"modified":"2023-08-29T13:18:57","modified_gmt":"2023-08-29T13:18:57","slug":"privacidade","status":"publish","type":"page","link":"https:\/\/funcabes.com.br\/protocolo\/privacidade\/","title":{"rendered":"Pol\u00edtica de Privacidade"},"content":{"rendered":"\r\n<h3 class=\"wp-block-heading\" style=\"text-align: justify;\">Cookies de Dados<\/h3>\r\n<p style=\"text-align: justify;\">Utilizamos ferramentas e servi\u00e7os de terceiros que utilizam cookies. Essas ferramentas nos ajudam a oferecer uma melhor experi\u00eancia de navega\u00e7\u00e3o no site. Ao clicar no bot\u00e3o \u201cAceitar\u201d ou continuar a visualizar nosso site, voc\u00ea concorda com o uso de cookies em nosso site.<\/p>\r\n<h3 style=\"text-align: justify;\">Vis\u00e3o geral da Privacidade<\/h3>\r\n<p style=\"text-align: justify;\">Este site usa cookies para melhorar sua experi\u00eancia enquanto voc\u00ea navega pelo site. Destes cookies, os cookies que s\u00e3o categorizados como necess\u00e1rios s\u00e3o armazenados no seu navegador, pois s\u00e3o essenciais para o funcionamento das funcionalidades b\u00e1sicas do site. Tamb\u00e9m usamos cookies de terceiros que nos ajudam a analisar e entender como voc\u00ea usa este site. Esses cookies ser\u00e3o armazenados em seu navegador apenas com o seu consentimento. Voc\u00ea tamb\u00e9m tem a op\u00e7\u00e3o de cancelar esses cookies. Por\u00e9m, a desativa\u00e7\u00e3o de alguns desses cookies pode afetar sua experi\u00eancia de navega\u00e7\u00e3o.<\/p>\r\n<p style=\"text-align: justify;\">Os cookies necess\u00e1rios s\u00e3o absolutamente essenciais para o funcionamento adequado do site. Esta categoria inclui apenas cookies que garantem funcionalidades b\u00e1sicas e recursos de seguran\u00e7a do site. Esses cookies n\u00e3o armazenam nenhuma informa\u00e7\u00e3o pessoal.<\/p>\r\n<p style=\"text-align: justify;\">Quaisquer cookies que possam n\u00e3o ser particularmente necess\u00e1rios para o funcionamento do site e sejam usados \u200b\u200bespecificamente para coletar dados pessoais do usu\u00e1rio por meio de an\u00e1lises, an\u00fancios e outros conte\u00fados incorporados s\u00e3o denominados cookies n\u00e3o necess\u00e1rios. \u00c9 obrigat\u00f3rio obter o consentimento do usu\u00e1rio antes de executar esses cookies no seu site.<\/p>\r\n","protected":false},"excerpt":{"rendered":"<p>Cookies de Dados Utilizamos ferramentas e servi\u00e7os de terceiros que utilizam cookies. Essas ferramentas nos ajudam a oferecer uma melhor experi\u00eancia de navega\u00e7\u00e3o no site. Ao clicar no bot\u00e3o \u201cAceitar\u201d ou continuar a visualizar nosso site, voc\u00ea concorda com o uso de cookies em nosso site. Vis\u00e3o geral da Privacidade Este site usa cookies para&#8230;<\/p>\n","protected":false},"author":1,"featured_media":0,"parent":0,"menu_order":0,"comment_status":"closed","ping_status":"open","template":"","meta":{"footnotes":""},"class_list":["post-3","page","type-page","status-publish","hentry"],"_links":{"self":[{"href":"https:\/\/funcabes.com.br\/protocolo\/wp-json\/wp\/v2\/pages\/3","targetHints":{"allow":["GET"]}}],"collection":[{"href":"https:\/\/funcabes.com.br\/protocolo\/wp-json\/wp\/v2\/pages"}],"about":[{"href":"https:\/\/funcabes.com.br\/protocolo\/wp-json\/wp\/v2\/types\/page"}],"author":[{"embeddable":true,"href":"https:\/\/funcabes.com.br\/protocolo\/wp-json\/wp\/v2\/users\/1"}],"replies":[{"embeddable":true,"href":"https:\/\/funcabes.com.br\/protocolo\/wp-json\/wp\/v2\/comments?post=3"}],"version-history":[{"count":1,"href":"https:\/\/funcabes.com.br\/protocolo\/wp-json\/wp\/v2\/pages\/3\/revisions"}],"predecessor-version":[{"id":11,"href":"https:\/\/funcabes.com.br\/protocolo\/wp-json\/wp\/v2\/pages\/3\/revisions\/11"}],"wp:attachment":[{"href":"https:\/\/funcabes.com.br\/protocolo\/wp-json\/wp\/v2\/media?parent=3"}],"curies":[{"name":"wp","href":"https:\/\/api.w.org\/{rel}","templated":true}]}}