{"id":2,"date":"2023-08-29T12:42:46","date_gmt":"2023-08-29T15:42:46","guid":{"rendered":"https:\/\/funcabes.com.br\/protocolo\/?page_id=2"},"modified":"2026-04-01T16:52:24","modified_gmt":"2026-04-01T19:52:24","slug":"sic","status":"publish","type":"page","link":"https:\/\/funcabes.com.br\/protocolo\/","title":{"rendered":"Servi\u00e7o de Informa\u00e7\u00f5es ao Cidad\u00e3o &#8211; SIC"},"content":{"rendered":"<section class=\"l-section wpb_row height_medium with_img parallax_fixed\"><div class=\"l-section-img\" style=\"background-image: url(https:\/\/funcabes.com.br\/protocolo\/wp-content\/uploads\/2023\/09\/fundo-esic.jpg);background-repeat: no-repeat;\" data-img-width=\"1920\" data-img-height=\"1280\"><\/div><div class=\"l-section-h i-cf\"><div class=\"g-cols type_default valign_top\"><div class=\"vc_col-sm-12 wpb_column vc_column_container\"><div class=\"vc_column-inner\"><div class=\"wpb_wrapper\"><div class=\"g-cols wpb_row type_default valign_top vc_inner \"><div class=\"vc_col-sm-8 wpb_column vc_column_container animate_afl d4\"><div class=\"vc_column-inner\"><div class=\"wpb_wrapper\"><div class=\"wpb_text_column \"><div class=\"wpb_wrapper\">\n<p style=\"text-align: justify;\">A <a href=\"https:\/\/www.gov.br\/capes\/pt-br\/acesso-a-informacao\/servico-de-informacao-ao-cidadao\/sobre-a-lei-de-acesso-a-informacao#:~:text=A%20Lei%20n%C2%BA%2012.527%2C%20sancionada,Distrito%20Federal%20e%20dos%20munic%C3%ADpios.\" target=\"_blank\" rel=\"noopener\"><strong>Lei de Acesso \u00e0 Informa\u00e7\u00e3o, institu\u00edda pela Lei Federal n\u00ba 12.527, de 18 de novembro de 2011<\/strong><\/a>, e o decreto estadual que a regulamenta, n\u00ba 58.052, de 16 de maio de 2012 cria o Servi\u00e7o de Informa\u00e7\u00f5es ao Cidad\u00e3o \u2013 SIC, no qual \u00e9 poss\u00edvel solicitar documentos e dados relativos aos \u00f3rg\u00e3os e entidades da Administra\u00e7\u00e3o P\u00fablica.<\/p>\n<p style=\"text-align: justify;\">O Servi\u00e7o de Informa\u00e7\u00f5es ao Cidad\u00e3o (SIC) \u00e9 a unidade respons\u00e1vel por receber todos os pedidos de acesso \u00e0 informa\u00e7\u00e3o; analis\u00e1-los, respond\u00ea-los ou encaminh\u00e1-los aos respons\u00e1veis para que respondam \u00e0 informa\u00e7\u00e3o solicitada. E em caso de recurso, encaminh\u00e1-los \u00e0s inst\u00e2ncias recursais internas dentro do prazo previsto.<\/p>\n<p style=\"text-align: justify;\">Com o SIC, qualquer pessoa &#8211; f\u00edsica ou jur\u00eddica &#8211; poder\u00e1, de forma simples, solicitar informa\u00e7\u00f5es e acompanhar a tramita\u00e7\u00e3o do pedido junto \u00e0 unidade em que a informa\u00e7\u00e3o foi solicitada. Neste cadastro de pedido de informa\u00e7\u00e3o, o cidad\u00e3o especifica qual unidade precisa contatar, informa como quer receber a resposta \u00e0 sua solicita\u00e7\u00e3o, insere uma descri\u00e7\u00e3o ao seu pedido e ainda tem a possibilidade de anexar um documento, em formato PDF, de at\u00e9 3MB. O sistema registra o pedido e, automaticamente, envia por e-mail o protocolo para acompanhamento da requisi\u00e7\u00e3o.<\/p>\n<\/div> <\/div> [vc_empty_space height=&#8221;52px&#8221;]<\/div><\/div><\/div><div class=\"vc_col-sm-4 wpb_column vc_column_container animate_afr d4\"><div class=\"vc_column-inner\"><div class=\"wpb_wrapper\"><div class=\"w-image align_center\"><div class=\"us-frame\"><img loading=\"lazy\" decoding=\"async\" width=\"374\" height=\"400\" src=\"https:\/\/funcabes.com.br\/protocolo\/wp-content\/uploads\/2023\/09\/e-sic-funcabes.png\" class=\"attachment-full size-full\" alt=\"\" srcset=\"https:\/\/funcabes.com.br\/protocolo\/wp-content\/uploads\/2023\/09\/e-sic-funcabes.png 374w, https:\/\/funcabes.com.br\/protocolo\/wp-content\/uploads\/2023\/09\/e-sic-funcabes-281x300.png 281w\" sizes=\"auto, (max-width: 374px) 100vw, 374px\" \/><\/div><\/div><\/div><\/div><\/div><\/div><div class=\"g-cols wpb_row type_default valign_top vc_column-gap-10 vc_inner \"><div class=\"vc_col-sm-6 wpb_column vc_column_container has-fill animate_afl d4\"><div class=\"vc_column-inner  vc_custom_1693856473972\"><div class=\"wpb_wrapper\"><div class=\"w-iconbox iconpos_top style_outlined color_primary\"><a class=\"w-iconbox-link\" href=\"https:\/\/funcabes.com.br\/protocolo\/pedido\/add-ticket\/\"><div class=\"w-iconbox-icon\"><i class=\"material-icons\">wifi<\/i><\/div><h4 class=\"w-iconbox-title\">ONLINE<\/h4><\/a><div class=\"w-iconbox-text\">O e-SIC (Sistema Eletr\u00f4nico do Servi\u00e7o de Informa\u00e7\u00f5es ao Cidad\u00e3o) permite que qualquer pessoa, f\u00edsica ou jur\u00eddica, encaminhe pedidos de acesso \u00e0 informa\u00e7\u00e3o.<\/div><\/div>[vc_empty_space]<div class=\"w-btn-wrapper align_center\"><a class=\"w-btn style_solid color_primary icon_none\" href=\"https:\/\/funcabes.com.br\/protocolo\/chamado\/login\/\"><span class=\"w-btn-label\">Acesse aqui para registrar sua solicita\u00e7\u00e3o<\/span><\/a><\/div><\/div><\/div><\/div><div class=\"vc_col-sm-6 wpb_column vc_column_container has-fill animate_afr d4\"><div class=\"vc_column-inner  vc_custom_1693856545364\"><div class=\"wpb_wrapper\"><div class=\"w-iconbox iconpos_top style_outlined color_primary\"><a class=\"w-iconbox-link\" href=\"https:\/\/www.waze.com\/pt-BR\/live-map\/directions\/pro-reitoria-estudantil-unitau-av.-9-de-julho-245-taubate?to=place.w.206046754.2060729682.4750546\"><div class=\"w-iconbox-icon\"><i class=\"material-icons\">place<\/i><\/div><h4 class=\"w-iconbox-title\">PRESENCIAL<\/h4><\/a><div class=\"w-iconbox-text\">O e-SIC (Sistema Eletr\u00f4nico do Servi\u00e7o de Informa\u00e7\u00f5es ao Cidad\u00e3o) tamb\u00e9m est\u00e1 dispon\u00edvel presencialmente na Av. Nove de Julho, 245 no Centro de Taubat\u00e9\/SP.<\/div><\/div>[vc_empty_space]<div class=\"w-btn-wrapper align_center\"><a class=\"w-btn style_solid color_primary icon_none\" href=\"https:\/\/www.waze.com\/pt-BR\/live-map\/directions\/pro-reitoria-estudantil-unitau-av.-9-de-julho-245-taubate?to=place.w.206046754.2060729682.4750546\" target=\"_blank\"><span class=\"w-btn-label\">Saiba como chegar<\/span><\/a><\/div><\/div><\/div><\/div><\/div><\/div><\/div><\/div><\/div><\/div><\/section><section class=\"l-section wpb_row height_medium\"><div class=\"l-section-h i-cf\"><div class=\"g-cols type_default valign_top\"><div class=\"vc_col-sm-12 wpb_column vc_column_container animate_afb d4\"><div class=\"vc_column-inner\"><div class=\"wpb_wrapper\"><div class=\"wpb_text_column \"><div class=\"wpb_wrapper\">\n<h4 style=\"text-align: center;\">CHAMADOS<\/h4>\n<\/div> <\/div> <div class=\"w-image align_center\"><div class=\"us-frame\"><img loading=\"lazy\" decoding=\"async\" width=\"838\" height=\"170\" src=\"https:\/\/funcabes.com.br\/protocolo\/wp-content\/uploads\/2026\/04\/sist_chamado.png\" class=\"attachment-full size-full\" alt=\"\" srcset=\"https:\/\/funcabes.com.br\/protocolo\/wp-content\/uploads\/2026\/04\/sist_chamado.png 838w, https:\/\/funcabes.com.br\/protocolo\/wp-content\/uploads\/2026\/04\/sist_chamado-300x61.png 300w, https:\/\/funcabes.com.br\/protocolo\/wp-content\/uploads\/2026\/04\/sist_chamado-768x156.png 768w, https:\/\/funcabes.com.br\/protocolo\/wp-content\/uploads\/2026\/04\/sist_chamado-600x122.png 600w\" sizes=\"auto, (max-width: 838px) 100vw, 838px\" \/><\/div><\/div><\/div><\/div><\/div><\/div><\/div><\/section><section class=\"l-section wpb_row height_medium\"><div class=\"l-section-h i-cf\"><div class=\"g-cols type_default valign_top\"><div class=\"vc_col-sm-12 vc_hidden-lg vc_hidden-md vc_hidden-sm vc_hidden-xs wpb_column vc_column_container\"><div class=\"vc_column-inner\"><div class=\"wpb_wrapper\"><div class=\"g-cols wpb_row type_default valign_top vc_inner \"><div class=\"vc_col-sm-6 wpb_column vc_column_container animate_afb d2\"><div class=\"vc_column-inner\"><div class=\"wpb_wrapper\">[vc_round_chart stroke_width=&#8221;5&#8243; values=&#8221;%5B%7B%22title%22%3A%22Aberto%22%2C%22value%22%3A%2260%22%2C%22color%22%3A%22pink%22%7D%2C%7B%22title%22%3A%22Respondido%22%2C%22value%22%3A%2240%22%2C%22color%22%3A%22blue%22%7D%5D&#8221; title=&#8221;Total Geral de Pedidos&#8221;]<\/div><\/div><\/div><div class=\"vc_col-sm-6 wpb_column vc_column_container animate_afb d4\"><div class=\"vc_column-inner\"><div class=\"wpb_wrapper\">[vc_round_chart stroke_width=&#8221;5&#8243; values=&#8221;%5B%7B%22title%22%3A%22Aberto%22%2C%22value%22%3A%222%22%2C%22color%22%3A%22pink%22%7D%2C%7B%22title%22%3A%22Respondido%22%2C%22value%22%3A%222%22%2C%22color%22%3A%22blue%22%7D%5D&#8221; title=&#8221;Total de Pedidos do m\u00eas&#8221;]<\/div><\/div><\/div><\/div><\/div><\/div><\/div><\/div><\/div><\/section>\n","protected":false},"excerpt":{"rendered":"Av. Nove de Julho, 245 \u2013 Centro CEP 12020-200 \u2013 Taubat\u00e9\/SP(12) 3633-3855 Facebook LinkedIn Instagram [vc_empty_space] \u00a9 Funcabes","protected":false},"author":1,"featured_media":0,"parent":0,"menu_order":0,"comment_status":"closed","ping_status":"closed","template":"","meta":{"footnotes":""},"class_list":["post-2","page","type-page","status-publish","hentry"],"_links":{"self":[{"href":"https:\/\/funcabes.com.br\/protocolo\/wp-json\/wp\/v2\/pages\/2","targetHints":{"allow":["GET"]}}],"collection":[{"href":"https:\/\/funcabes.com.br\/protocolo\/wp-json\/wp\/v2\/pages"}],"about":[{"href":"https:\/\/funcabes.com.br\/protocolo\/wp-json\/wp\/v2\/types\/page"}],"author":[{"embeddable":true,"href":"https:\/\/funcabes.com.br\/protocolo\/wp-json\/wp\/v2\/users\/1"}],"replies":[{"embeddable":true,"href":"https:\/\/funcabes.com.br\/protocolo\/wp-json\/wp\/v2\/comments?post=2"}],"version-history":[{"count":55,"href":"https:\/\/funcabes.com.br\/protocolo\/wp-json\/wp\/v2\/pages\/2\/revisions"}],"predecessor-version":[{"id":166,"href":"https:\/\/funcabes.com.br\/protocolo\/wp-json\/wp\/v2\/pages\/2\/revisions\/166"}],"wp:attachment":[{"href":"https:\/\/funcabes.com.br\/protocolo\/wp-json\/wp\/v2\/media?parent=2"}],"curies":[{"name":"wp","href":"https:\/\/api.w.org\/{rel}","templated":true}]}}