{"id":538,"date":"2020-04-02T17:06:33","date_gmt":"2020-04-02T20:06:33","guid":{"rendered":"https:\/\/funcabes.com.br\/convenios\/?page_id=538"},"modified":"2026-02-10T08:13:33","modified_gmt":"2026-02-10T11:13:33","slug":"sesmt","status":"publish","type":"page","link":"https:\/\/funcabes.com.br\/convenios\/sesmt\/","title":{"rendered":"SESMT"},"content":{"rendered":"\t\t<div data-elementor-type=\"wp-page\" data-elementor-id=\"538\" class=\"elementor elementor-538\">\n\t\t\t\t\t\t\t\t\t<section class=\"elementor-section elementor-top-section elementor-element elementor-element-601c31f elementor-section-stretched elementor-section-boxed elementor-section-height-default elementor-section-height-default\" data-id=\"601c31f\" data-element_type=\"section\" data-settings=\"{&quot;stretch_section&quot;:&quot;section-stretched&quot;,&quot;background_background&quot;:&quot;classic&quot;}\">\n\t\t\t\t\t\t\t<div class=\"elementor-background-overlay\"><\/div>\n\t\t\t\t\t\t\t<div class=\"elementor-container elementor-column-gap-default\">\n\t\t\t\t\t<div class=\"elementor-column elementor-col-100 elementor-top-column elementor-element elementor-element-bf0f8ee\" data-id=\"bf0f8ee\" data-element_type=\"column\">\n\t\t\t<div class=\"elementor-widget-wrap elementor-element-populated\">\n\t\t\t\t\t\t\t\t<div class=\"elementor-element elementor-element-ed93886 elementor-widget elementor-widget-heading\" data-id=\"ed93886\" data-element_type=\"widget\" data-widget_type=\"heading.default\">\n\t\t\t\t<div class=\"elementor-widget-container\">\n\t\t\t<style>\/*! elementor - v3.7.8 - 02-10-2022 *\/\n.elementor-heading-title{padding:0;margin:0;line-height:1}.elementor-widget-heading .elementor-heading-title[class*=elementor-size-]>a{color:inherit;font-size:inherit;line-height:inherit}.elementor-widget-heading .elementor-heading-title.elementor-size-small{font-size:15px}.elementor-widget-heading .elementor-heading-title.elementor-size-medium{font-size:19px}.elementor-widget-heading .elementor-heading-title.elementor-size-large{font-size:29px}.elementor-widget-heading .elementor-heading-title.elementor-size-xl{font-size:39px}.elementor-widget-heading .elementor-heading-title.elementor-size-xxl{font-size:59px}<\/style><h1 class=\"elementor-heading-title elementor-size-xxl\">SESMT<\/h1>\t\t<\/div>\n\t\t\t\t<\/div>\n\t\t\t\t\t<\/div>\n\t\t<\/div>\n\t\t\t\t\t\t\t<\/div>\n\t\t<\/section>\n\t\t\t\t<section class=\"elementor-section elementor-top-section elementor-element elementor-element-26ad178 elementor-section-boxed elementor-section-height-default elementor-section-height-default\" data-id=\"26ad178\" data-element_type=\"section\">\n\t\t\t\t\t\t<div class=\"elementor-container elementor-column-gap-default\">\n\t\t\t\t\t<div class=\"elementor-column elementor-col-66 elementor-top-column elementor-element elementor-element-8c49559\" data-id=\"8c49559\" data-element_type=\"column\">\n\t\t\t<div class=\"elementor-widget-wrap elementor-element-populated\">\n\t\t\t\t\t\t\t\t<div class=\"elementor-element elementor-element-10e1e45 elementor-widget elementor-widget-text-editor\" data-id=\"10e1e45\" data-element_type=\"widget\" data-widget_type=\"text-editor.default\">\n\t\t\t\t<div class=\"elementor-widget-container\">\n\t\t\t<style>\/*! elementor - v3.7.8 - 02-10-2022 *\/\n.elementor-widget-text-editor.elementor-drop-cap-view-stacked .elementor-drop-cap{background-color:#818a91;color:#fff}.elementor-widget-text-editor.elementor-drop-cap-view-framed .elementor-drop-cap{color:#818a91;border:3px solid;background-color:transparent}.elementor-widget-text-editor:not(.elementor-drop-cap-view-default) .elementor-drop-cap{margin-top:8px}.elementor-widget-text-editor:not(.elementor-drop-cap-view-default) .elementor-drop-cap-letter{width:1em;height:1em}.elementor-widget-text-editor .elementor-drop-cap{float:left;text-align:center;line-height:1;font-size:50px}.elementor-widget-text-editor .elementor-drop-cap-letter{display:inline-block}<\/style>\t\t\t\t<h5><span style=\"color: #000000;\"><b>O que \u00e9 SESMT?<\/b><\/span><\/h5><h5><span style=\"color: #000000;\">A sigla SESMT significa Servi\u00e7o Especializado em Engenharia de Seguran\u00e7a e em Medicina do Trabalho, formado por uma equipe din\u00e2mica com o objetivo de proteger a integridade f\u00edsica dos nossos funcion\u00e1rios e promover a sa\u00fade dentro da nossa Funda\u00e7\u00e3o. Al\u00e9m de gerenciar grupos como: <a href=\"https:\/\/funcabes.com.br\/convenios\/edital-cipa-2022\/\"><strong>CIPA<\/strong> <\/a>e <a href=\"https:\/\/funcabes.com.br\/convenios\/brigada\/\"><strong>Brigada de Emerg\u00eancia<\/strong><\/a>.\u00a0<\/span><\/h5><h5><span style=\"color: #000000;\">O SESMT est\u00e1 estabelecido no artigo\u00a0162 da\u00a0Consolida\u00e7\u00e3o das Leis do Trabalho\u00a0e \u00e9 regulamentado pela\u00a0Norma Regulamentadora 04\u00a0da Rep\u00fablica Federativa do Brasil.\u00a0<\/span><\/h5>\t\t\t\t\t\t<\/div>\n\t\t\t\t<\/div>\n\t\t\t\t\t<\/div>\n\t\t<\/div>\n\t\t\t\t<div class=\"elementor-column elementor-col-33 elementor-top-column elementor-element elementor-element-6b53110\" data-id=\"6b53110\" data-element_type=\"column\">\n\t\t\t<div class=\"elementor-widget-wrap elementor-element-populated\">\n\t\t\t\t\t\t\t\t<div class=\"elementor-element elementor-element-7ff1feb elementor-position-top elementor-vertical-align-top elementor-widget elementor-widget-image-box\" data-id=\"7ff1feb\" data-element_type=\"widget\" data-widget_type=\"image-box.default\">\n\t\t\t\t<div class=\"elementor-widget-container\">\n\t\t\t<style>\/*! elementor - v3.7.8 - 02-10-2022 *\/\n.elementor-widget-image-box .elementor-image-box-content{width:100%}@media (min-width:768px){.elementor-widget-image-box.elementor-position-left .elementor-image-box-wrapper,.elementor-widget-image-box.elementor-position-right .elementor-image-box-wrapper{display:-webkit-box;display:-ms-flexbox;display:flex}.elementor-widget-image-box.elementor-position-right .elementor-image-box-wrapper{text-align:right;-webkit-box-orient:horizontal;-webkit-box-direction:reverse;-ms-flex-direction:row-reverse;flex-direction:row-reverse}.elementor-widget-image-box.elementor-position-left .elementor-image-box-wrapper{text-align:left;-webkit-box-orient:horizontal;-webkit-box-direction:normal;-ms-flex-direction:row;flex-direction:row}.elementor-widget-image-box.elementor-position-top .elementor-image-box-img{margin:auto}.elementor-widget-image-box.elementor-vertical-align-top .elementor-image-box-wrapper{-webkit-box-align:start;-ms-flex-align:start;align-items:flex-start}.elementor-widget-image-box.elementor-vertical-align-middle .elementor-image-box-wrapper{-webkit-box-align:center;-ms-flex-align:center;align-items:center}.elementor-widget-image-box.elementor-vertical-align-bottom .elementor-image-box-wrapper{-webkit-box-align:end;-ms-flex-align:end;align-items:flex-end}}@media (max-width:767px){.elementor-widget-image-box .elementor-image-box-img{margin-left:auto!important;margin-right:auto!important;margin-bottom:15px}}.elementor-widget-image-box .elementor-image-box-img{display:inline-block}.elementor-widget-image-box .elementor-image-box-title a{color:inherit}.elementor-widget-image-box .elementor-image-box-wrapper{text-align:center}.elementor-widget-image-box .elementor-image-box-description{margin:0}<\/style><div class=\"elementor-image-box-wrapper\"><figure class=\"elementor-image-box-img\"><a href=\"https:\/\/funcabes.com.br\/convenios\/wp-content\/uploads\/2026\/02\/Panfleto-Assedio-Moral.pdf.pdf\"><img src=\"https:\/\/funcabes.com.br\/convenios\/wp-content\/uploads\/2026\/02\/asstrab.png\" title=\"asstrab\" alt=\"asstrab\" \/><\/a><\/figure><div class=\"elementor-image-box-content\"><h3 class=\"elementor-image-box-title\"><a href=\"https:\/\/funcabes.com.br\/convenios\/wp-content\/uploads\/2026\/02\/Panfleto-Assedio-Moral.pdf.pdf\">Ass\u00e9dio no Trabalho<\/a><\/h3><p class=\"elementor-image-box-description\">Para maiores informa\u00e7\u00f5es e acesso ao canal de den\u00fancia, clique na imagem.<\/p><\/div><\/div>\t\t<\/div>\n\t\t\t\t<\/div>\n\t\t\t\t\t<\/div>\n\t\t<\/div>\n\t\t\t\t\t\t\t<\/div>\n\t\t<\/section>\n\t\t\t\t<section class=\"elementor-section elementor-top-section elementor-element elementor-element-493c305 elementor-section-stretched elementor-section-boxed elementor-section-height-default elementor-section-height-default\" data-id=\"493c305\" data-element_type=\"section\" data-settings=\"{&quot;stretch_section&quot;:&quot;section-stretched&quot;}\">\n\t\t\t\t\t\t<div class=\"elementor-container elementor-column-gap-default\">\n\t\t\t\t\t<div class=\"elementor-column elementor-col-100 elementor-top-column elementor-element elementor-element-3324739\" data-id=\"3324739\" data-element_type=\"column\">\n\t\t\t<div class=\"elementor-widget-wrap elementor-element-populated\">\n\t\t\t\t\t\t\t\t<div class=\"elementor-element elementor-element-7d9bba0 elementor-widget elementor-widget-text-editor\" data-id=\"7d9bba0\" data-element_type=\"widget\" data-widget_type=\"text-editor.default\">\n\t\t\t\t<div class=\"elementor-widget-container\">\n\t\t\t\t\t\t\t<div>\n<p lang=\"PT-BR\" xml:lang=\"PT-BR\"><strong><span style=\"color: #000000;\"><span lang=\"PT-BR\" xml:lang=\"PT-BR\" data-contrast=\"auto\">M\u00e9dico<\/span><span lang=\"PT-BR\" xml:lang=\"PT-BR\" data-contrast=\"auto\"> do Trabalho<\/span>\u00a0<\/span><\/strong><\/p>\n\n<\/div>\n<div>\n<p lang=\"PT-BR\" xml:lang=\"PT-BR\"><span style=\"color: #000000;\"><span lang=\"PT-BR\" xml:lang=\"PT-BR\" data-contrast=\"auto\">Realiza os atendimentos m\u00e9dicos na Funcabes a fim de encaminhar\/acompanhar os pacientes que necessitam fazer algum tratamento. Al\u00e9m disso, inspeciona o ambiente de trabalho, recebe os atestados de sa\u00fade e participa das atividades educativas da nossa funda\u00e7\u00e3o.<\/span><\/span><\/p>\n\n<div>\n<p lang=\"PT-BR\" xml:lang=\"PT-BR\"><strong><span style=\"color: #000000;\"><span lang=\"PT-BR\" xml:lang=\"PT-BR\" data-contrast=\"auto\">Engenheiro<\/span><span lang=\"PT-BR\" xml:lang=\"PT-BR\" data-contrast=\"auto\"> do Trabalho<\/span>\u00a0<\/span><\/strong><\/p>\n\n<\/div>\n<div>\n<p lang=\"PT-BR\" xml:lang=\"PT-BR\"><span style=\"color: #000000;\"><span lang=\"PT-BR\" xml:lang=\"PT-BR\" data-contrast=\"auto\">Analisa as condi\u00e7\u00f5es de seguran\u00e7a e salubridade das nossas instala\u00e7\u00f5es e, a partir dessa avalia\u00e7\u00e3o, cria e implementa projetos que previnam poss\u00edveis acidentes.<\/span><\/span><\/p>\n\n<div>\n<p lang=\"PT-BR\" xml:lang=\"PT-BR\"><strong><span style=\"color: #000000;\"><span lang=\"PT-BR\" xml:lang=\"PT-BR\" data-contrast=\"auto\">T\u00e9cnico<\/span><span lang=\"PT-BR\" xml:lang=\"PT-BR\" data-contrast=\"auto\"> de Seguran\u00e7a do Trabalho<\/span>\u00a0<\/span><\/strong><\/p>\n\n<\/div>\n<div>\n<p lang=\"PT-BR\" xml:lang=\"PT-BR\"><span style=\"color: #000000;\"><span lang=\"PT-BR\" xml:lang=\"PT-BR\" data-contrast=\"auto\">Participa da elabora\u00e7\u00e3o e implementa\u00e7\u00e3o do SST (Sa\u00fade e Seguran\u00e7a do Trabalho). Acompanha as vari\u00e1veis de controle de doen\u00e7as, acidentes, qualidade de vida e meio ambiente a fim de recomendar medidas de preven\u00e7\u00e3o e controle.<\/span><\/span><\/p>\n\n<div>\n<p lang=\"PT-BR\" xml:lang=\"PT-BR\"><strong><span style=\"color: #000000;\"><span lang=\"PT-BR\" xml:lang=\"PT-BR\" data-contrast=\"auto\">T\u00e9cnico<\/span><span lang=\"PT-BR\" xml:lang=\"PT-BR\" data-contrast=\"auto\"> em Enfermagem do Trabalho<\/span>\u00a0<\/span><\/strong><\/p>\n\n<\/div>\n<div>\n<p lang=\"PT-BR\" xml:lang=\"PT-BR\"><span style=\"color: #000000;\"><span lang=\"PT-BR\" xml:lang=\"PT-BR\" data-contrast=\"auto\">Desempenha as atividades t\u00e9cnicas de enfermagem do trabalho em um consult\u00f3rio na sede da Funcabes. De maneira geral, trabalha oferecendo a conformidade \u00e0s boas pr\u00e1ticas, normas e procedimentos da sa\u00fade.<\/span><\/span><\/p>\n\n<div>\n<p lang=\"PT-BR\" xml:lang=\"PT-BR\"><strong><span style=\"color: #000000;\"><span lang=\"PT-BR\" xml:lang=\"PT-BR\" data-contrast=\"auto\">Psic\u00f3logo<\/span><span lang=\"PT-BR\" xml:lang=\"PT-BR\" data-contrast=\"auto\"><\/span>\u00a0<\/span><\/strong><\/p>\n\n<\/div>\n<div>\n<p lang=\"PT-BR\" xml:lang=\"PT-BR\"><span style=\"color: #000000;\"><span lang=\"PT-BR\" xml:lang=\"PT-BR\" data-contrast=\"auto\">Realiza avalia\u00e7\u00f5es psicol\u00f3gicas e psicossociais dos funcion\u00e1rios, identificando fatores de risco relacionados \u00e0 sa\u00fade mental e emocional. Atua no acompanhamento dos indicadores de sa\u00fade ocupacional, em conjunto com o M\u00e9dico do Trabalho e demais profissionais da equipe multiprofissional do PCMSO.<\/span><\/span><\/p>\t\t\t\t\t\t<\/div>\n\t\t\t\t<\/div>\n\t\t\t\t<div class=\"elementor-element elementor-element-80944b9 elementor-widget elementor-widget-spacer\" data-id=\"80944b9\" data-element_type=\"widget\" data-widget_type=\"spacer.default\">\n\t\t\t\t<div class=\"elementor-widget-container\">\n\t\t\t<style>\/*! elementor - v3.7.8 - 02-10-2022 *\/\n.elementor-column .elementor-spacer-inner{height:var(--spacer-size)}.e-container{--container-widget-width:100%}.e-container>.elementor-widget-spacer{width:var(--container-widget-width,var(--spacer-size));-ms-flex-item-align:stretch;align-self:stretch;-ms-flex-negative:0;flex-shrink:0}.e-container>.elementor-widget-spacer>.elementor-widget-container,.e-container>.elementor-widget-spacer>.elementor-widget-container>.elementor-spacer{height:100%}.e-container>.elementor-widget-spacer>.elementor-widget-container>.elementor-spacer>.elementor-spacer-inner{height:var(--container-widget-height,var(--spacer-size))}<\/style>\t\t<div class=\"elementor-spacer\">\n\t\t\t<div class=\"elementor-spacer-inner\"><\/div>\n\t\t<\/div>\n\t\t\t\t<\/div>\n\t\t\t\t<\/div>\n\t\t\t\t\t<\/div>\n\t\t<\/div>\n\t\t\t\t\t\t\t<\/div>\n\t\t<\/section>\n\t\t\t\t<section class=\"elementor-section elementor-top-section elementor-element elementor-element-46feae7 elementor-section-stretched elementor-section-boxed elementor-section-height-default elementor-section-height-default\" data-id=\"46feae7\" data-element_type=\"section\" data-settings=\"{&quot;stretch_section&quot;:&quot;section-stretched&quot;}\">\n\t\t\t\t\t\t<div class=\"elementor-container elementor-column-gap-default\">\n\t\t\t\t\t<div class=\"elementor-column elementor-col-100 elementor-top-column elementor-element elementor-element-4f32402\" data-id=\"4f32402\" data-element_type=\"column\">\n\t\t\t<div class=\"elementor-widget-wrap elementor-element-populated\">\n\t\t\t\t\t\t\t\t<div class=\"elementor-element elementor-element-d38c575 elementor-widget elementor-widget-toggle\" data-id=\"d38c575\" data-element_type=\"widget\" data-widget_type=\"toggle.default\">\n\t\t\t\t<div class=\"elementor-widget-container\">\n\t\t\t<style>\/*! elementor - v3.7.8 - 02-10-2022 *\/\n.elementor-toggle{text-align:left}.elementor-toggle .elementor-tab-title{font-weight:700;line-height:1;margin:0;padding:15px;border-bottom:1px solid #d4d4d4;cursor:pointer;outline:none}.elementor-toggle .elementor-tab-title .elementor-toggle-icon{display:inline-block;width:1em}.elementor-toggle .elementor-tab-title .elementor-toggle-icon svg{-webkit-margin-start:-5px;margin-inline-start:-5px;width:1em;height:1em}.elementor-toggle .elementor-tab-title .elementor-toggle-icon.elementor-toggle-icon-right{float:right;text-align:right}.elementor-toggle .elementor-tab-title .elementor-toggle-icon.elementor-toggle-icon-left{float:left;text-align:left}.elementor-toggle .elementor-tab-title .elementor-toggle-icon .elementor-toggle-icon-closed{display:block}.elementor-toggle .elementor-tab-title .elementor-toggle-icon .elementor-toggle-icon-opened{display:none}.elementor-toggle .elementor-tab-title.elementor-active{border-bottom:none}.elementor-toggle .elementor-tab-title.elementor-active .elementor-toggle-icon-closed{display:none}.elementor-toggle .elementor-tab-title.elementor-active .elementor-toggle-icon-opened{display:block}.elementor-toggle .elementor-tab-content{padding:15px;border-bottom:1px solid #d4d4d4;display:none}@media (max-width:767px){.elementor-toggle .elementor-tab-title{padding:12px}.elementor-toggle .elementor-tab-content{padding:12px 10px}}.e-container>.elementor-widget-toggle{width:var(--container-widget-width,100%)}<\/style>\t\t<div class=\"elementor-toggle\" role=\"tablist\">\n\t\t\t\t\t\t\t<div class=\"elementor-toggle-item\">\n\t\t\t\t\t<div id=\"elementor-tab-title-2211\" class=\"elementor-tab-title\" data-tab=\"1\" role=\"tab\" aria-controls=\"elementor-tab-content-2211\" aria-expanded=\"false\">\n\t\t\t\t\t\t\t\t\t\t\t\t<span class=\"elementor-toggle-icon elementor-toggle-icon-left\" aria-hidden=\"true\">\n\t\t\t\t\t\t\t\t\t\t\t\t\t\t\t<span class=\"elementor-toggle-icon-closed\"><i class=\"fas fa-caret-right\"><\/i><\/span>\n\t\t\t\t\t\t\t\t<span class=\"elementor-toggle-icon-opened\"><i class=\"elementor-toggle-icon-opened fas fa-caret-up\"><\/i><\/span>\n\t\t\t\t\t\t\t\t\t\t\t\t\t<\/span>\n\t\t\t\t\t\t\t\t\t\t\t\t<a href=\"\" class=\"elementor-toggle-title\">Materiais Importantes<\/a>\n\t\t\t\t\t<\/div>\n\n\t\t\t\t\t<div id=\"elementor-tab-content-2211\" class=\"elementor-tab-content elementor-clearfix\" data-tab=\"1\" role=\"tabpanel\" aria-labelledby=\"elementor-tab-title-2211\"><p><a href=\"https:\/\/funcabes.com.br\/convenios\/wp-content\/uploads\/2022\/10\/1-PGR-E-PPRA-FUNDAMENTAL-1a-REVISAO-08-2022.pdf\"><strong><span style=\"color: #000000;\">PGR do Ensino Fundamental (Programa de Gerenciamento de Riscos)<\/span><\/strong><\/a><\/p><p><a href=\"https:\/\/funcabes.com.br\/convenios\/wp-content\/uploads\/2022\/10\/1-PGR-E-PPRA-INFANTIL-1a-REVISAO-08-2022.pdf\"><strong><span style=\"color: #000000;\">PGR do Ensino Infantil (Programa de Gerenciamento de Riscos)<\/span><\/strong><\/a><\/p><p><a href=\"https:\/\/funcabes.com.br\/convenios\/wp-content\/uploads\/2022\/10\/pcmso-fund.pdf\"><span style=\"color: #000000;\"><strong>PCMSO do Ensino Fundamental (Programa de Controle M\u00e9dico de Sa\u00fade Ocupacional)<\/strong><\/span><\/a><\/p><p><a href=\"https:\/\/funcabes.com.br\/convenios\/wp-content\/uploads\/2022\/10\/pcmso-creche.pdf\"><span style=\"color: #000000;\"><strong>PCMSO do Ensino Infantil (Programa de Controle M\u00e9dico de Sa\u00fade Ocupacional)<\/strong><\/span><\/a><\/p><p><a href=\"https:\/\/funcabes.com.br\/convenios\/wp-content\/uploads\/2022\/11\/Ltcat-Fundamental.pdf\"><strong><span style=\"color: #000000;\">LTCAT do Ensino Fundamental (Laudo T\u00e9cnico das Condi\u00e7\u00f5es Ambientais de Trabalho)<\/span><\/strong><\/a><\/p><p><a href=\"https:\/\/funcabes.com.br\/convenios\/wp-content\/uploads\/2022\/11\/Ltcat-creche.pdf\"><strong><span style=\"color: #000000;\">LTCAT do Ensino Infantil (Laudo T\u00e9cnico das Condi\u00e7\u00f5es Ambientais de Trabalho)<\/span><\/strong><\/a><\/p><\/div>\n\t\t\t\t<\/div>\n\t\t\t\t\t\t\t\t<\/div>\n\t\t\t\t<\/div>\n\t\t\t\t<\/div>\n\t\t\t\t\t<\/div>\n\t\t<\/div>\n\t\t\t\t\t\t\t<\/div>\n\t\t<\/section>\n\t\t\t\t\t\t\t<\/div>\n\t\t","protected":false},"excerpt":{"rendered":"<p>SESMT O que \u00e9 SESMT? A sigla SESMT significa Servi\u00e7o Especializado em Engenharia de Seguran\u00e7a e em Medicina do Trabalho, formado por uma equipe din\u00e2mica com o objetivo de proteger a integridade f\u00edsica dos nossos funcion\u00e1rios e promover a sa\u00fade dentro da nossa Funda\u00e7\u00e3o. Al\u00e9m de gerenciar grupos como: CIPA e Brigada de Emerg\u00eancia.\u00a0 O&#8230;<\/p>\n","protected":false},"author":2,"featured_media":0,"parent":0,"menu_order":0,"comment_status":"closed","ping_status":"closed","template":"","meta":{"_wpscppro_custom_social_share_image":0,"_facebook_share_type":"","_twitter_share_type":"","_linkedin_share_type":"","_pinterest_share_type":"","_linkedin_share_type_page":"","_instagram_share_type":"","_medium_share_type":"","_threads_share_type":"","_selected_social_profile":[]},"_links":{"self":[{"href":"https:\/\/funcabes.com.br\/convenios\/wp-json\/wp\/v2\/pages\/538"}],"collection":[{"href":"https:\/\/funcabes.com.br\/convenios\/wp-json\/wp\/v2\/pages"}],"about":[{"href":"https:\/\/funcabes.com.br\/convenios\/wp-json\/wp\/v2\/types\/page"}],"author":[{"embeddable":true,"href":"https:\/\/funcabes.com.br\/convenios\/wp-json\/wp\/v2\/users\/2"}],"replies":[{"embeddable":true,"href":"https:\/\/funcabes.com.br\/convenios\/wp-json\/wp\/v2\/comments?post=538"}],"version-history":[{"count":113,"href":"https:\/\/funcabes.com.br\/convenios\/wp-json\/wp\/v2\/pages\/538\/revisions"}],"predecessor-version":[{"id":9974,"href":"https:\/\/funcabes.com.br\/convenios\/wp-json\/wp\/v2\/pages\/538\/revisions\/9974"}],"wp:attachment":[{"href":"https:\/\/funcabes.com.br\/convenios\/wp-json\/wp\/v2\/media?parent=538"}],"curies":[{"name":"wp","href":"https:\/\/api.w.org\/{rel}","templated":true}]}}