{"id":4367,"date":"2022-09-16T11:58:10","date_gmt":"2022-09-16T14:58:10","guid":{"rendered":"https:\/\/funcabes.com.br\/convenios\/?page_id=4367"},"modified":"2022-10-16T13:29:49","modified_gmt":"2022-10-16T16:29:49","slug":"compliance","status":"publish","type":"page","link":"https:\/\/funcabes.com.br\/convenios\/compliance\/","title":{"rendered":"Compliance"},"content":{"rendered":"\t\t<div data-elementor-type=\"wp-page\" data-elementor-id=\"4367\" class=\"elementor elementor-4367\">\n\t\t\t\t\t\t\t\t\t<section class=\"elementor-section elementor-top-section elementor-element elementor-element-ff68767 elementor-section-stretched elementor-section-boxed elementor-section-height-default elementor-section-height-default\" data-id=\"ff68767\" data-element_type=\"section\" data-settings=\"{&quot;stretch_section&quot;:&quot;section-stretched&quot;,&quot;background_background&quot;:&quot;classic&quot;}\">\n\t\t\t\t\t\t\t<div class=\"elementor-background-overlay\"><\/div>\n\t\t\t\t\t\t\t<div class=\"elementor-container elementor-column-gap-default\">\n\t\t\t\t\t<div class=\"elementor-column elementor-col-100 elementor-top-column elementor-element elementor-element-9db444c\" data-id=\"9db444c\" data-element_type=\"column\">\n\t\t\t<div class=\"elementor-widget-wrap elementor-element-populated\">\n\t\t\t\t\t\t\t\t<div class=\"elementor-element elementor-element-36924aa elementor-widget elementor-widget-heading\" data-id=\"36924aa\" data-element_type=\"widget\" data-widget_type=\"heading.default\">\n\t\t\t\t<div class=\"elementor-widget-container\">\n\t\t\t<style>\/*! elementor - v3.7.8 - 02-10-2022 *\/\n.elementor-heading-title{padding:0;margin:0;line-height:1}.elementor-widget-heading .elementor-heading-title[class*=elementor-size-]>a{color:inherit;font-size:inherit;line-height:inherit}.elementor-widget-heading .elementor-heading-title.elementor-size-small{font-size:15px}.elementor-widget-heading .elementor-heading-title.elementor-size-medium{font-size:19px}.elementor-widget-heading .elementor-heading-title.elementor-size-large{font-size:29px}.elementor-widget-heading .elementor-heading-title.elementor-size-xl{font-size:39px}.elementor-widget-heading .elementor-heading-title.elementor-size-xxl{font-size:59px}<\/style><h1 class=\"elementor-heading-title elementor-size-xxl\"><br>Compliance<\/h1>\t\t<\/div>\n\t\t\t\t<\/div>\n\t\t\t\t\t<\/div>\n\t\t<\/div>\n\t\t\t\t\t\t\t<\/div>\n\t\t<\/section>\n\t\t\t\t<section class=\"elementor-section elementor-top-section elementor-element elementor-element-028965e elementor-section-full_width elementor-section-stretched elementor-section-height-default elementor-section-height-default\" data-id=\"028965e\" data-element_type=\"section\" data-settings=\"{&quot;stretch_section&quot;:&quot;section-stretched&quot;,&quot;background_background&quot;:&quot;classic&quot;}\">\n\t\t\t\t\t\t<div class=\"elementor-container elementor-column-gap-default\">\n\t\t\t\t\t<div class=\"elementor-column elementor-col-50 elementor-top-column elementor-element elementor-element-4b68a3b elementor-invisible\" data-id=\"4b68a3b\" data-element_type=\"column\" data-settings=\"{&quot;animation&quot;:&quot;fadeInLeft&quot;}\">\n\t\t\t<div class=\"elementor-widget-wrap elementor-element-populated\">\n\t\t\t\t\t\t\t\t<div class=\"elementor-element elementor-element-4fd85b6 elementor-widget elementor-widget-heading\" data-id=\"4fd85b6\" data-element_type=\"widget\" data-widget_type=\"heading.default\">\n\t\t\t\t<div class=\"elementor-widget-container\">\n\t\t\t<h2 class=\"elementor-heading-title elementor-size-default\">&gt;  Programa de Compliance<\/h2>\t\t<\/div>\n\t\t\t\t<\/div>\n\t\t\t\t<div class=\"elementor-element elementor-element-9b42673 elementor-widget elementor-widget-text-editor\" data-id=\"9b42673\" data-element_type=\"widget\" data-widget_type=\"text-editor.default\">\n\t\t\t\t<div class=\"elementor-widget-container\">\n\t\t\t<style>\/*! elementor - v3.7.8 - 02-10-2022 *\/\n.elementor-widget-text-editor.elementor-drop-cap-view-stacked .elementor-drop-cap{background-color:#818a91;color:#fff}.elementor-widget-text-editor.elementor-drop-cap-view-framed .elementor-drop-cap{color:#818a91;border:3px solid;background-color:transparent}.elementor-widget-text-editor:not(.elementor-drop-cap-view-default) .elementor-drop-cap{margin-top:8px}.elementor-widget-text-editor:not(.elementor-drop-cap-view-default) .elementor-drop-cap-letter{width:1em;height:1em}.elementor-widget-text-editor .elementor-drop-cap{float:left;text-align:center;line-height:1;font-size:50px}.elementor-widget-text-editor .elementor-drop-cap-letter{display:inline-block}<\/style>\t\t\t\t<h2 class=\"title-block__title typo-title-text\">Um programa que preza a <span style=\"color: #17325c;\"><b>Integridade<\/b><\/span><\/h2>\t\t\t\t\t\t<\/div>\n\t\t\t\t<\/div>\n\t\t\t\t<div class=\"elementor-element elementor-element-3826add elementor-widget elementor-widget-text-editor\" data-id=\"3826add\" data-element_type=\"widget\" data-widget_type=\"text-editor.default\">\n\t\t\t\t<div class=\"elementor-widget-container\">\n\t\t\t\t\t\t\t<p>A FUNCABES est\u00e1 comprometida em manter um ambiente de trabalho justo, seguro, produtivo e inclusivo para todos os colaboradores, um ambiente em que todos s\u00e3o valorizados por suas contribui\u00e7\u00f5es \u00fanicas para a funda\u00e7\u00e3o.<\/p><p>Atingiremos essa meta se todos assumirem a responsabilidade pessoal para tratar os colegas de trabalho, fornecedores e visitantes com respeito e profissionalismo. Mais especificamente, devemos trabalhar para promover a equidade e para garantir um ambiente livre de discrimina\u00e7\u00e3o e ass\u00e9dio, em conformidade com todas as leis aplic\u00e1veis.<\/p><p>Queremos criar um ambiente em que seja poss\u00edvel conciliar trabalho, fam\u00edlia e vida particular. Desenvolvemos um trabalho permeado pela confian\u00e7a com todos os empregados, representantes trabalhistas e sindicatos. Visamos um equil\u00edbrio justo entre os interesses econ\u00f4micos da FUNCABES e os interesses dos colaboradores. Mesmo em quest\u00f5es contenciosas, a nossa meta \u00e9 criar e cultivar juntos uma base s\u00f3lida para uma rela\u00e7\u00e3o construtiva.<\/p>\t\t\t\t\t\t<\/div>\n\t\t\t\t<\/div>\n\t\t\t\t<div class=\"elementor-element elementor-element-8ed50e3 elementor-widget-divider--view-line elementor-widget elementor-widget-divider\" data-id=\"8ed50e3\" data-element_type=\"widget\" data-widget_type=\"divider.default\">\n\t\t\t\t<div class=\"elementor-widget-container\">\n\t\t\t<style>\/*! elementor - v3.7.8 - 02-10-2022 *\/\n.elementor-widget-divider{--divider-border-style:none;--divider-border-width:1px;--divider-color:#2c2c2c;--divider-icon-size:20px;--divider-element-spacing:10px;--divider-pattern-height:24px;--divider-pattern-size:20px;--divider-pattern-url:none;--divider-pattern-repeat:repeat-x}.elementor-widget-divider .elementor-divider{display:-webkit-box;display:-ms-flexbox;display:flex}.elementor-widget-divider .elementor-divider__text{font-size:15px;line-height:1;max-width:95%}.elementor-widget-divider .elementor-divider__element{margin:0 var(--divider-element-spacing);-ms-flex-negative:0;flex-shrink:0}.elementor-widget-divider .elementor-icon{font-size:var(--divider-icon-size)}.elementor-widget-divider .elementor-divider-separator{display:-webkit-box;display:-ms-flexbox;display:flex;margin:0;direction:ltr}.elementor-widget-divider--view-line_icon .elementor-divider-separator,.elementor-widget-divider--view-line_text .elementor-divider-separator{-webkit-box-align:center;-ms-flex-align:center;align-items:center}.elementor-widget-divider--view-line_icon .elementor-divider-separator:after,.elementor-widget-divider--view-line_icon .elementor-divider-separator:before,.elementor-widget-divider--view-line_text .elementor-divider-separator:after,.elementor-widget-divider--view-line_text .elementor-divider-separator:before{display:block;content:\"\";border-bottom:0;-webkit-box-flex:1;-ms-flex-positive:1;flex-grow:1;border-top:var(--divider-border-width) var(--divider-border-style) var(--divider-color)}.elementor-widget-divider--element-align-left .elementor-divider .elementor-divider-separator>.elementor-divider__svg:first-of-type{-webkit-box-flex:0;-ms-flex-positive:0;flex-grow:0;-ms-flex-negative:100;flex-shrink:100}.elementor-widget-divider--element-align-left .elementor-divider-separator:before{content:none}.elementor-widget-divider--element-align-left .elementor-divider__element{margin-left:0}.elementor-widget-divider--element-align-right .elementor-divider .elementor-divider-separator>.elementor-divider__svg:last-of-type{-webkit-box-flex:0;-ms-flex-positive:0;flex-grow:0;-ms-flex-negative:100;flex-shrink:100}.elementor-widget-divider--element-align-right .elementor-divider-separator:after{content:none}.elementor-widget-divider--element-align-right .elementor-divider__element{margin-right:0}.elementor-widget-divider:not(.elementor-widget-divider--view-line_text):not(.elementor-widget-divider--view-line_icon) .elementor-divider-separator{border-top:var(--divider-border-width) var(--divider-border-style) var(--divider-color)}.elementor-widget-divider--separator-type-pattern{--divider-border-style:none}.elementor-widget-divider--separator-type-pattern.elementor-widget-divider--view-line .elementor-divider-separator,.elementor-widget-divider--separator-type-pattern:not(.elementor-widget-divider--view-line) .elementor-divider-separator:after,.elementor-widget-divider--separator-type-pattern:not(.elementor-widget-divider--view-line) .elementor-divider-separator:before,.elementor-widget-divider--separator-type-pattern:not([class*=elementor-widget-divider--view]) .elementor-divider-separator{width:100%;min-height:var(--divider-pattern-height);-webkit-mask-size:var(--divider-pattern-size) 100%;mask-size:var(--divider-pattern-size) 100%;-webkit-mask-repeat:var(--divider-pattern-repeat);mask-repeat:var(--divider-pattern-repeat);background-color:var(--divider-color);-webkit-mask-image:var(--divider-pattern-url);mask-image:var(--divider-pattern-url)}.elementor-widget-divider--no-spacing{--divider-pattern-size:auto}.elementor-widget-divider--bg-round{--divider-pattern-repeat:round}.rtl .elementor-widget-divider .elementor-divider__text{direction:rtl}.e-container>.elementor-widget-divider{width:var(--container-widget-width,100%);--flex-grow:var(--container-widget-flex-grow,0)}<\/style>\t\t<div class=\"elementor-divider\">\n\t\t\t<span class=\"elementor-divider-separator\">\n\t\t\t\t\t\t<\/span>\n\t\t<\/div>\n\t\t\t\t<\/div>\n\t\t\t\t<\/div>\n\t\t\t\t\t<\/div>\n\t\t<\/div>\n\t\t\t\t<div class=\"elementor-column elementor-col-50 elementor-top-column elementor-element elementor-element-3732fa1\" data-id=\"3732fa1\" data-element_type=\"column\">\n\t\t\t<div class=\"elementor-widget-wrap elementor-element-populated\">\n\t\t\t\t\t\t\t\t<div class=\"elementor-element elementor-element-d23ae9e elementor-widget elementor-widget-image\" data-id=\"d23ae9e\" data-element_type=\"widget\" data-widget_type=\"image.default\">\n\t\t\t\t<div class=\"elementor-widget-container\">\n\t\t\t<style>\/*! elementor - v3.7.8 - 02-10-2022 *\/\n.elementor-widget-image{text-align:center}.elementor-widget-image a{display:inline-block}.elementor-widget-image a img[src$=\".svg\"]{width:48px}.elementor-widget-image img{vertical-align:middle;display:inline-block}<\/style>\t\t\t\t\t\t\t\t\t\t\t\t<img width=\"600\" height=\"600\" src=\"https:\/\/funcabes.com.br\/convenios\/wp-content\/uploads\/2022\/09\/imagem-compliance-600x600.png\" class=\"attachment-us_600_600_crop size-us_600_600_crop\" alt=\"\" loading=\"lazy\" srcset=\"https:\/\/funcabes.com.br\/convenios\/wp-content\/uploads\/2022\/09\/imagem-compliance-600x600.png 600w, https:\/\/funcabes.com.br\/convenios\/wp-content\/uploads\/2022\/09\/imagem-compliance-150x150.png 150w, https:\/\/funcabes.com.br\/convenios\/wp-content\/uploads\/2022\/09\/imagem-compliance-350x350.png 350w\" sizes=\"(max-width: 600px) 100vw, 600px\" \/>\t\t\t\t\t\t\t\t\t\t\t\t\t\t\t<\/div>\n\t\t\t\t<\/div>\n\t\t\t\t\t<\/div>\n\t\t<\/div>\n\t\t\t\t\t\t\t<\/div>\n\t\t<\/section>\n\t\t\t\t<section class=\"elementor-section elementor-top-section elementor-element elementor-element-8748440 elementor-section-full_width elementor-section-stretched elementor-section-height-default elementor-section-height-default\" data-id=\"8748440\" data-element_type=\"section\" data-settings=\"{&quot;stretch_section&quot;:&quot;section-stretched&quot;,&quot;background_background&quot;:&quot;classic&quot;}\">\n\t\t\t\t\t\t<div class=\"elementor-container elementor-column-gap-default\">\n\t\t\t\t\t<div class=\"elementor-column elementor-col-100 elementor-top-column elementor-element elementor-element-8ca83ce\" data-id=\"8ca83ce\" data-element_type=\"column\">\n\t\t\t<div class=\"elementor-widget-wrap elementor-element-populated\">\n\t\t\t\t\t\t\t\t<div class=\"elementor-element elementor-element-d978c8f elementor-widget elementor-widget-image\" data-id=\"d978c8f\" data-element_type=\"widget\" data-widget_type=\"image.default\">\n\t\t\t\t<div class=\"elementor-widget-container\">\n\t\t\t\t\t\t\t\t\t\t\t\t\t\t\t<img width=\"1024\" height=\"633\" src=\"https:\/\/funcabes.com.br\/convenios\/wp-content\/uploads\/2022\/09\/compliance-1-1024x633.png\" class=\"attachment-large size-large\" alt=\"\" loading=\"lazy\" srcset=\"https:\/\/funcabes.com.br\/convenios\/wp-content\/uploads\/2022\/09\/compliance-1-1024x633.png 1024w, https:\/\/funcabes.com.br\/convenios\/wp-content\/uploads\/2022\/09\/compliance-1-300x185.png 300w, https:\/\/funcabes.com.br\/convenios\/wp-content\/uploads\/2022\/09\/compliance-1-768x474.png 768w, https:\/\/funcabes.com.br\/convenios\/wp-content\/uploads\/2022\/09\/compliance-1-1536x949.png 1536w, https:\/\/funcabes.com.br\/convenios\/wp-content\/uploads\/2022\/09\/compliance-1-2048x1265.png 2048w\" sizes=\"(max-width: 1024px) 100vw, 1024px\" \/>\t\t\t\t\t\t\t\t\t\t\t\t\t\t\t<\/div>\n\t\t\t\t<\/div>\n\t\t\t\t<div class=\"elementor-element elementor-element-e4ec216 elementor-widget elementor-widget-text-editor\" data-id=\"e4ec216\" data-element_type=\"widget\" data-widget_type=\"text-editor.default\">\n\t\t\t\t<div class=\"elementor-widget-container\">\n\t\t\t\t\t\t\t<h2 class=\"title-block__title typo-title-text\" style=\"text-align: center;\">Canal de Comunica\u00e7\u00e3o de <span style=\"color: #17325c;\"><strong>Compliance<\/strong><\/span><\/h2>\t\t\t\t\t\t<\/div>\n\t\t\t\t<\/div>\n\t\t\t\t<div class=\"elementor-element elementor-element-9d75a4a elementor-drop-cap-yes elementor-drop-cap-view-default elementor-widget elementor-widget-text-editor\" data-id=\"9d75a4a\" data-element_type=\"widget\" data-settings=\"{&quot;drop_cap&quot;:&quot;yes&quot;}\" data-widget_type=\"text-editor.default\">\n\t\t\t\t<div class=\"elementor-widget-container\">\n\t\t\t\t\t\t\t<p>Sempre que observamos um comportamento que consideramos inadequado e que viola nosso C\u00f3digo de Conduta devemos comunicar o fato. Esta \u00e9 a maneira mais eficaz de evitar a n\u00e3o-conformidade na funda\u00e7\u00e3o. Em condi\u00e7\u00f5es ideais, devemos expor nossas preocupa\u00e7\u00f5es diretamente no canal via e-mail: <span style=\"color: #000080;\">compliance@funcabes.com.br.&nbsp;<\/span><\/p>\n<p>Todas as reclama\u00e7\u00f5es recebidas pela FUNCABES s\u00e3o tratadas confidencialmente. Nenhuma retalia\u00e7\u00e3o \u00e9 permitida contra qualquer pessoa que reporte uma preocupa\u00e7\u00e3o de boa-f\u00e9. As quest\u00f5es apresentadas s\u00e3o analisadas pela pessoa respons\u00e1vel, nomeado pelo Diretor, com integridade e foco, no intuito de encontrar solu\u00e7\u00f5es para as situa\u00e7\u00f5es que lhes sejam apresentadas, fornecendo resposta ao usu\u00e1rio, atrav\u00e9s de e-mail.<\/p>\t\t\t\t\t\t<\/div>\n\t\t\t\t<\/div>\n\t\t\t\t\t<\/div>\n\t\t<\/div>\n\t\t\t\t\t\t\t<\/div>\n\t\t<\/section>\n\t\t\t\t\t\t\t<\/div>\n\t\t","protected":false},"excerpt":{"rendered":"<p>Compliance &gt; Programa de Compliance Um programa que preza a Integridade A FUNCABES est\u00e1 comprometida em manter um ambiente de trabalho justo, seguro, produtivo e inclusivo para todos os colaboradores, um ambiente em que todos s\u00e3o valorizados por suas contribui\u00e7\u00f5es \u00fanicas para a funda\u00e7\u00e3o. Atingiremos essa meta se todos assumirem a responsabilidade pessoal para tratar&#8230;<\/p>\n","protected":false},"author":3,"featured_media":0,"parent":0,"menu_order":0,"comment_status":"closed","ping_status":"closed","template":"","meta":{"_wpscppro_custom_social_share_image":0,"_facebook_share_type":"","_twitter_share_type":"","_linkedin_share_type":"","_pinterest_share_type":"","_linkedin_share_type_page":"","_instagram_share_type":"","_medium_share_type":"","_threads_share_type":"","_selected_social_profile":[]},"_links":{"self":[{"href":"https:\/\/funcabes.com.br\/convenios\/wp-json\/wp\/v2\/pages\/4367"}],"collection":[{"href":"https:\/\/funcabes.com.br\/convenios\/wp-json\/wp\/v2\/pages"}],"about":[{"href":"https:\/\/funcabes.com.br\/convenios\/wp-json\/wp\/v2\/types\/page"}],"author":[{"embeddable":true,"href":"https:\/\/funcabes.com.br\/convenios\/wp-json\/wp\/v2\/users\/3"}],"replies":[{"embeddable":true,"href":"https:\/\/funcabes.com.br\/convenios\/wp-json\/wp\/v2\/comments?post=4367"}],"version-history":[{"count":12,"href":"https:\/\/funcabes.com.br\/convenios\/wp-json\/wp\/v2\/pages\/4367\/revisions"}],"predecessor-version":[{"id":5239,"href":"https:\/\/funcabes.com.br\/convenios\/wp-json\/wp\/v2\/pages\/4367\/revisions\/5239"}],"wp:attachment":[{"href":"https:\/\/funcabes.com.br\/convenios\/wp-json\/wp\/v2\/media?parent=4367"}],"curies":[{"name":"wp","href":"https:\/\/api.w.org\/{rel}","templated":true}]}}