{"id":189,"date":"2018-01-31T17:19:05","date_gmt":"2018-01-31T19:19:05","guid":{"rendered":"http:\/\/funcabes.com.br\/?page_id=189"},"modified":"2026-03-24T15:03:55","modified_gmt":"2026-03-24T18:03:55","slug":"cargos-e-salarios","status":"publish","type":"page","link":"https:\/\/funcabes.com.br\/convenios\/cargos-e-salarios\/","title":{"rendered":"Cargos e Sal\u00e1rios"},"content":{"rendered":"<section class=\"l-section wpb_row height_medium\"><div class=\"l-section-h i-cf\"><div class=\"g-cols vc_row type_default valign_top\"><div class=\"vc_col-sm-12 wpb_column vc_column_container\"><div class=\"vc_column-inner\"><div class=\"wpb_wrapper\">\n\t<div class=\"wpb_text_column \">\n\t\t<div class=\"wpb_wrapper\">\n\t\t\t<h1>Cargos e Sal\u00e1rios<\/h1>\n\n\t\t<\/div>\n\t<\/div>\n<\/div><\/div><\/div><\/div><\/div><\/section><section class=\"l-section wpb_row height_medium\"><div class=\"l-section-h i-cf\"><div class=\"g-cols vc_row type_default valign_top\"><div class=\"vc_col-sm-2 wpb_column vc_column_container\"><div class=\"vc_column-inner\"><div class=\"wpb_wrapper\"><div class=\"w-image align_center\"><div class=\"w-image-h\"><a href=\"https:\/\/funcabes.com.br\/wp-content\/uploads\/2021\/08\/ANEXO-19.pdf\" title=\"\" target=\"\" rel=\"\"><img width=\"80\" height=\"112\" src=\"https:\/\/funcabes.com.br\/convenios\/wp-content\/uploads\/2018\/01\/icon-pdf.jpg\" class=\"attachment-large size-large\" alt=\"\" loading=\"lazy\" \/><\/a><\/div><\/div>\n\t<div class=\"wpb_text_column \">\n\t\t<div class=\"wpb_wrapper\">\n\t\t\t<h6 style=\"text-align: center;\">2020<\/h6>\n\n\t\t<\/div>\n\t<\/div>\n<\/div><\/div><\/div><div class=\"vc_col-sm-2 wpb_column vc_column_container\"><div class=\"vc_column-inner\"><div class=\"wpb_wrapper\"><div class=\"w-image align_center\"><div class=\"w-image-h\"><a href=\"https:\/\/funcabes.com.br\/wp-content\/uploads\/2022\/03\/Cargos_Providos_e_Vagos_Dez21.pdf\" title=\"\" target=\"\" rel=\"\"><img width=\"80\" height=\"112\" src=\"https:\/\/funcabes.com.br\/convenios\/wp-content\/uploads\/2018\/01\/icon-pdf.jpg\" class=\"attachment-large size-large\" alt=\"\" loading=\"lazy\" \/><\/a><\/div><\/div>\n\t<div class=\"wpb_text_column \">\n\t\t<div class=\"wpb_wrapper\">\n\t\t\t<h6 style=\"text-align: center;\">2021<\/h6>\n\n\t\t<\/div>\n\t<\/div>\n<\/div><\/div><\/div><div class=\"vc_col-sm-2 wpb_column vc_column_container\"><div class=\"vc_column-inner\"><div class=\"wpb_wrapper\"><div class=\"w-image align_center\"><div class=\"w-image-h\"><a href=\"https:\/\/funcabes.com.br\/convenios\/wp-content\/uploads\/2022\/06\/Composi\u00e7\u00e3o-de-Funcion\u00e1rios.pdf\" title=\"\" target=\"_blank\" rel=\"\"><img width=\"80\" height=\"112\" src=\"https:\/\/funcabes.com.br\/convenios\/wp-content\/uploads\/2018\/01\/icon-pdf.jpg\" class=\"attachment-large size-large\" alt=\"\" loading=\"lazy\" \/><\/a><\/div><\/div>\n\t<div class=\"wpb_text_column \">\n\t\t<div class=\"wpb_wrapper\">\n\t\t\t<h6 style=\"text-align: center;\">2022<\/h6>\n\n\t\t<\/div>\n\t<\/div>\n<\/div><\/div><\/div><div class=\"vc_col-sm-2 wpb_column vc_column_container\"><div class=\"vc_column-inner\"><div class=\"wpb_wrapper\"><div class=\"w-image align_center\"><div class=\"w-image-h\"><a href=\"https:\/\/funcabes.com.br\/convenios\/wp-content\/uploads\/2024\/05\/Quadro-retificado-2023-Taubate-_-DIOENET-_-PLENUS-SISTEMAS-_-Diarios-Eletronicos-Edicao_-419.pdf\" title=\"\" target=\"_blank\" rel=\"\"><img width=\"80\" height=\"112\" src=\"https:\/\/funcabes.com.br\/convenios\/wp-content\/uploads\/2018\/01\/icon-pdf.jpg\" class=\"attachment-large size-large\" alt=\"\" loading=\"lazy\" \/><\/a><\/div><\/div>\n\t<div class=\"wpb_text_column \">\n\t\t<div class=\"wpb_wrapper\">\n\t\t\t<h6 style=\"text-align: center;\">2023<\/h6>\n\n\t\t<\/div>\n\t<\/div>\n<\/div><\/div><\/div><div class=\"vc_col-sm-2 wpb_column vc_column_container\"><div class=\"vc_column-inner\"><div class=\"wpb_wrapper\"><div class=\"w-image align_center\"><div class=\"w-image-h\"><a href=\"https:\/\/funcabes.com.br\/convenios\/wp-content\/uploads\/2025\/01\/quadro2024.pdf\" title=\"\" target=\"\" rel=\"\"><img width=\"80\" height=\"112\" src=\"https:\/\/funcabes.com.br\/convenios\/wp-content\/uploads\/2018\/01\/icon-pdf.jpg\" class=\"attachment-large size-large\" alt=\"\" loading=\"lazy\" \/><\/a><\/div><\/div>\n\t<div class=\"wpb_text_column \">\n\t\t<div class=\"wpb_wrapper\">\n\t\t\t<h6 style=\"text-align: center;\">2024<\/h6>\n\n\t\t<\/div>\n\t<\/div>\n<\/div><\/div><\/div><div class=\"vc_col-sm-2 wpb_column vc_column_container\"><div class=\"vc_column-inner\"><div class=\"wpb_wrapper\"><div class=\"w-image align_center\"><div class=\"w-image-h\"><a href=\"https:\/\/funcabes.com.br\/convenios\/wp-content\/uploads\/2026\/03\/Quadro2025.pdf\" title=\"\" target=\"\" rel=\"\"><img width=\"80\" height=\"112\" src=\"https:\/\/funcabes.com.br\/convenios\/wp-content\/uploads\/2018\/01\/icon-pdf.jpg\" class=\"attachment-large size-large\" alt=\"\" loading=\"lazy\" \/><\/a><\/div><\/div>\n\t<div class=\"wpb_text_column \">\n\t\t<div class=\"wpb_wrapper\">\n\t\t\t<h6 style=\"text-align: center;\">2025<\/h6>\n\n\t\t<\/div>\n\t<\/div>\n<\/div><\/div><\/div><\/div><\/div><\/section>\n","protected":false},"excerpt":{"rendered":"Cargos e Sal\u00e1rios 2020 2021 2022 2023 2024 2025","protected":false},"author":1,"featured_media":0,"parent":0,"menu_order":0,"comment_status":"closed","ping_status":"closed","template":"","meta":{"_wpscppro_custom_social_share_image":0,"_facebook_share_type":"default","_twitter_share_type":"default","_linkedin_share_type":"default","_pinterest_share_type":"default","_linkedin_share_type_page":"","_instagram_share_type":"default","_medium_share_type":"default","_threads_share_type":"","_selected_social_profile":[]},"_links":{"self":[{"href":"https:\/\/funcabes.com.br\/convenios\/wp-json\/wp\/v2\/pages\/189"}],"collection":[{"href":"https:\/\/funcabes.com.br\/convenios\/wp-json\/wp\/v2\/pages"}],"about":[{"href":"https:\/\/funcabes.com.br\/convenios\/wp-json\/wp\/v2\/types\/page"}],"author":[{"embeddable":true,"href":"https:\/\/funcabes.com.br\/convenios\/wp-json\/wp\/v2\/users\/1"}],"replies":[{"embeddable":true,"href":"https:\/\/funcabes.com.br\/convenios\/wp-json\/wp\/v2\/comments?post=189"}],"version-history":[{"count":39,"href":"https:\/\/funcabes.com.br\/convenios\/wp-json\/wp\/v2\/pages\/189\/revisions"}],"predecessor-version":[{"id":9046,"href":"https:\/\/funcabes.com.br\/convenios\/wp-json\/wp\/v2\/pages\/189\/revisions\/9046"}],"wp:attachment":[{"href":"https:\/\/funcabes.com.br\/convenios\/wp-json\/wp\/v2\/media?parent=189"}],"curies":[{"name":"wp","href":"https:\/\/api.w.org\/{rel}","templated":true}]}}