{"id":14,"date":"2018-01-26T13:55:57","date_gmt":"2018-01-26T15:55:57","guid":{"rendered":"http:\/\/funcabes.com.br\/?page_id=14"},"modified":"2024-06-20T15:49:53","modified_gmt":"2024-06-20T18:49:53","slug":"contato","status":"publish","type":"page","link":"https:\/\/funcabes.com.br\/convenios\/contato\/","title":{"rendered":"Contato"},"content":{"rendered":"\t\t<div data-elementor-type=\"wp-page\" data-elementor-id=\"14\" class=\"elementor elementor-14\">\n\t\t\t\t\t\t\t\t\t<section class=\"elementor-section elementor-top-section elementor-element elementor-element-162ac6ff elementor-section-full_width elementor-section-stretched elementor-section-height-default elementor-section-height-default\" data-id=\"162ac6ff\" data-element_type=\"section\" data-settings=\"{&quot;stretch_section&quot;:&quot;section-stretched&quot;,&quot;background_background&quot;:&quot;classic&quot;}\">\n\t\t\t\t\t\t<div class=\"elementor-container elementor-column-gap-default\">\n\t\t\t\t\t<div class=\"elementor-column elementor-col-100 elementor-top-column elementor-element elementor-element-6455a860\" data-id=\"6455a860\" data-element_type=\"column\">\n\t\t\t<div class=\"elementor-widget-wrap elementor-element-populated\">\n\t\t\t\t\t\t\t\t<div class=\"elementor-element elementor-element-24c35a7e elementor-widget elementor-widget-text-editor\" data-id=\"24c35a7e\" data-element_type=\"widget\" data-widget_type=\"text-editor.default\">\n\t\t\t\t<div class=\"elementor-widget-container\">\n\t\t\t<style>\/*! elementor - v3.7.8 - 02-10-2022 *\/\n.elementor-widget-text-editor.elementor-drop-cap-view-stacked .elementor-drop-cap{background-color:#818a91;color:#fff}.elementor-widget-text-editor.elementor-drop-cap-view-framed .elementor-drop-cap{color:#818a91;border:3px solid;background-color:transparent}.elementor-widget-text-editor:not(.elementor-drop-cap-view-default) .elementor-drop-cap{margin-top:8px}.elementor-widget-text-editor:not(.elementor-drop-cap-view-default) .elementor-drop-cap-letter{width:1em;height:1em}.elementor-widget-text-editor .elementor-drop-cap{float:left;text-align:center;line-height:1;font-size:50px}.elementor-widget-text-editor .elementor-drop-cap-letter{display:inline-block}<\/style>\t\t\t\t<p><span style=\"color: #000000;\"><section class=\"l-section wpb_row height_auto width_full\"><div class=\"l-section-h i-cf\"><div class=\"g-cols vc_row type_default valign_top\"><div class=\"vc_col-sm-12 wpb_column vc_column_container\"><div class=\"vc_column-inner\"><div class=\"wpb_wrapper\">[vc_raw_html]JTNDaWZyYW1lJTIwc3JjJTNEJTIyaHR0cHMlM0ElMkYlMkZ3d3cuZ29vZ2xlLmNvbSUyRm1hcHMlMkZlbWJlZCUzRnBiJTNEJTIxMW0xOCUyMTFtMTIlMjExbTMlMjExZDM2NzEuOTczMjExNjU0MzEyMyUyMTJkLTQ1LjU2NTMyMDA4NTAzMjE0JTIxM2QtMjMuMDI0NzU1Nzg0OTUxOTIlMjEybTMlMjExZjAlMjEyZjAlMjEzZjAlMjEzbTIlMjExaTEwMjQlMjEyaTc2OCUyMTRmMTMuMSUyMTNtMyUyMTFtMiUyMTFzMHg5NGNjZjhmZTJjODRhZTlmJTI1M0EweDk3ZTdmMGM4MzA1NjZiZjElMjEyc0F2LiUyQk5vdmUlMkJkZSUyQkp1bGhvJTI1MkMlMkIyNDUlMkItJTJCQ2VudHJvJTI1MkMlMkJUYXViYXQlMjVDMyUyNUE5JTJCLSUyQlNQJTIxNWUwJTIxM20yJTIxMXNwdC1CUiUyMTJzYnIlMjE0djE1MTY5ODY5ODYwMjMlMjIlMjB3aWR0aCUzRCUyMjE5MjAlMjIlMjBoZWlnaHQlM0QlMjI0MDAlMjIlMjBmcmFtZWJvcmRlciUzRCUyMjAlMjIlMjBzdHlsZSUzRCUyMmJvcmRlciUzQTAlMjIlMjBhbGxvd2Z1bGxzY3JlZW4lM0UlM0MlMkZpZnJhbWUlM0U=[\/vc_raw_html]<\/div><\/div><\/div><\/div><\/div><\/section><section class=\"l-section wpb_row height_medium\"><div class=\"l-section-h i-cf\"><div class=\"g-cols vc_row type_default valign_top\"><div class=\"vc_col-sm-8 wpb_column vc_column_container has-fill\"><div class=\"vc_column-inner  vc_custom_1663335914453\"><div class=\"wpb_wrapper\"><div role=\"form\" class=\"wpcf7\" id=\"wpcf7-f36-o1\" lang=\"pt-BR\" dir=\"ltr\">\n<div class=\"screen-reader-response\"><p role=\"status\" aria-live=\"polite\" aria-atomic=\"true\"><\/p> <ul><\/ul><\/div>\n<form action=\"\/convenios\/wp-json\/wp\/v2\/pages\/14#wpcf7-f36-o1\" method=\"post\" class=\"wpcf7-form init\" novalidate=\"novalidate\" data-status=\"init\">\n<div style=\"display: none;\">\n<input type=\"hidden\" name=\"_wpcf7\" value=\"36\" \/>\n<input type=\"hidden\" name=\"_wpcf7_version\" value=\"5.6.4\" \/>\n<input type=\"hidden\" name=\"_wpcf7_locale\" value=\"pt_BR\" \/>\n<input type=\"hidden\" name=\"_wpcf7_unit_tag\" value=\"wpcf7-f36-o1\" \/>\n<input type=\"hidden\" name=\"_wpcf7_container_post\" value=\"0\" \/>\n<input type=\"hidden\" name=\"_wpcf7_posted_data_hash\" value=\"\" \/>\n<\/div>\n<h4>Nome *<\/h4>\n<p><\/p>\n<p><span class=\"wpcf7-form-control-wrap\" data-name=\"nome\"><input type=\"text\" name=\"nome\" value=\"\" size=\"40\" class=\"wpcf7-form-control wpcf7-text wpcf7-validates-as-required\" aria-required=\"true\" aria-invalid=\"false\" \/><\/span> <\/p>\n<h4>Seu e-mail *<\/h4>\n<p><\/p>\n<p><span class=\"wpcf7-form-control-wrap\" data-name=\"email\"><input type=\"email\" name=\"email\" value=\"\" size=\"40\" class=\"wpcf7-form-control wpcf7-text wpcf7-email wpcf7-validates-as-required wpcf7-validates-as-email\" aria-required=\"true\" aria-invalid=\"false\" \/><\/span> <\/p>\n<h4>Assunto<\/h4>\n<p><\/p>\n<p><span class=\"wpcf7-form-control-wrap\" data-name=\"assunto\"><input type=\"text\" name=\"assunto\" value=\"\" size=\"40\" class=\"wpcf7-form-control wpcf7-text\" aria-invalid=\"false\" \/><\/span> <\/p>\n<h4>Sua mensagem<\/h4>\n<p>\n    <span class=\"wpcf7-form-control-wrap\" data-name=\"mensagem\"><textarea name=\"mensagem\" cols=\"40\" rows=\"10\" class=\"wpcf7-form-control wpcf7-textarea\" aria-invalid=\"false\"><\/textarea><\/span> <\/p>\n<div id=\"cf7sr-69ef89d979d9f\" class=\"cf7sr-g-recaptcha\" data-sitekey=\"6LdmDn0UAAAAAHJx8Tq0EYRkoF24VT6EKqD5yiEe\"><\/div><span class=\"wpcf7-form-control-wrap cf7sr-recaptcha\" data-name=\"cf7sr-recaptcha\"><input type=\"hidden\" name=\"cf7sr-recaptcha\" value=\"\" class=\"wpcf7-form-control\"><\/span><\/p>\n<p><input type=\"submit\" value=\"Enviar\" class=\"wpcf7-form-control has-spinner wpcf7-submit\" \/><\/p>\n<p><\/p>\n<p><b>IMPORTANTE: CAMPOS MARCADOS * S\u00c3O OBRIGAT\u00d3RIOS<\/b><\/p>\n<p style=\"display: none !important;\"><label>&#916;<textarea name=\"_wpcf7_ak_hp_textarea\" cols=\"45\" rows=\"8\" maxlength=\"100\"><\/textarea><\/label><input type=\"hidden\" id=\"ak_js_1\" name=\"_wpcf7_ak_js\" value=\"64\"\/><script>document.getElementById( \"ak_js_1\" ).setAttribute( \"value\", ( new Date() ).getTime() );<\/script><\/p><div class=\"wpcf7-response-output\" aria-hidden=\"true\"><\/div><\/form><\/div><\/div><\/div><\/div><div class=\"vc_col-sm-4 wpb_column vc_column_container has-fill\"><div class=\"vc_column-inner  vc_custom_1663335954419\"><div class=\"wpb_wrapper\"><div class=\"w-contacts\"><div class=\"w-contacts-list\"><div class=\"w-contacts-item for_address\"><span class=\"w-contacts-item-value\">Av. Nove de Julho, 245 &#8211; Centro &#8211; CEP12020-200 &#8211; Taubat\u00e9\/SP<\/span><\/div><div class=\"w-contacts-item for_phone\"><span class=\"w-contacts-item-value\">RH &#8211; (12) 3632-2550<\/span><\/div><div class=\"w-contacts-item for_fax\"><span class=\"w-contacts-item-value\">(12) 3632-2550 &#8211; WHATSAPP<\/span><\/div><div class=\"w-contacts-item for_email\"><span class=\"w-contacts-item-value\"><a href=\"mailto:rh@funcabes.com.br rhfolhadepagamento@funcabes.com.br rhvalealimentacao@funcabes.com.br rhvaletransporte@funcabes.com.br atestado@funcabes.com.br rhferias@funcabes.com.br\">rh@funcabes.com.br rhfolhadepagamento@funcabes.com.br rhvalealimentacao@funcabes.com.br rhvaletransporte@funcabes.com.br atestado@funcabes.com.br rhferias@funcabes.com.br<\/a><\/span><\/div><\/div><\/div><div class=\"g-cols wpb_row type_default valign_top vc_inner \"><div class=\"vc_col-sm-12 wpb_column vc_column_container\"><div class=\"vc_column-inner\"><div class=\"wpb_wrapper\"><div class=\"w-socials align_left style_default color_brand\" style=\"font-size:20px;\"><div class=\"w-socials-list\"><div class=\"w-socials-item facebook\"><a class=\"w-socials-item-link\" target=\"_blank\" href=\"https:\/\/www.facebook.com\/profile.php?id=100008653291232\" aria-label=\"Facebook\" rel=\"nofollow\"><span class=\"w-socials-item-link-hover\"><\/span><\/a><div class=\"w-socials-item-popup\"><span>Facebook<\/span><\/div><\/div><\/div><\/div>\n\t<div class=\"wpb_text_column \">\n\t\t<div class=\"wpb_wrapper\">\n\t\t\t<p><strong>Hor\u00e1rio de atendimento:<\/strong><\/span><\/p>\n<p><span style=\"color: #000000;\">Segunda-feira a Sexta-feira<\/span><\/p>\n<ul>\n<li><span style=\"color: #000000;\">8h \u00e0s 12h<\/span><\/li>\n<li><span style=\"color: #000000;\">14h \u00e0s 17h<\/span><\/li>\n<\/ul>\n<p><span style=\"color: #000000;\"><\/p>\n\n\t\t<\/div>\n\t<\/div>\n<\/div><\/div><\/div><\/div><\/div><\/div><\/div><\/div><\/div><\/section><\/span><\/p>\t\t\t\t\t\t<\/div>\n\t\t\t\t<\/div>\n\t\t\t\t\t<\/div>\n\t\t<\/div>\n\t\t\t\t\t\t\t<\/div>\n\t\t<\/section>\n\t\t\t\t\t\t\t<\/div>\n\t\t","protected":false},"excerpt":{"rendered":"[vc_raw_html]JTNDaWZyYW1lJTIwc3JjJTNEJTIyaHR0cHMlM0ElMkYlMkZ3d3cuZ29vZ2xlLmNvbSUyRm1hcHMlMkZlbWJlZCUzRnBiJTNEJTIxMW0xOCUyMTFtMTIlMjExbTMlMjExZDM2NzEuOTczMjExNjU0MzEyMyUyMTJkLTQ1LjU2NTMyMDA4NTAzMjE0JTIxM2QtMjMuMDI0NzU1Nzg0OTUxOTIlMjEybTMlMjExZjAlMjEyZjAlMjEzZjAlMjEzbTIlMjExaTEwMjQlMjEyaTc2OCUyMTRmMTMuMSUyMTNtMyUyMTFtMiUyMTFzMHg5NGNjZjhmZTJjODRhZTlmJTI1M0EweDk3ZTdmMGM4MzA1NjZiZjElMjEyc0F2LiUyQk5vdmUlMkJkZSUyQkp1bGhvJTI1MkMlMkIyNDUlMkItJTJCQ2VudHJvJTI1MkMlMkJUYXViYXQlMjVDMyUyNUE5JTJCLSUyQlNQJTIxNWUwJTIxM20yJTIxMXNwdC1CUiUyMTJzYnIlMjE0djE1MTY5ODY5ODYwMjMlMjIlMjB3aWR0aCUzRCUyMjE5MjAlMjIlMjBoZWlnaHQlM0QlMjI0MDAlMjIlMjBmcmFtZWJvcmRlciUzRCUyMjAlMjIlMjBzdHlsZSUzRCUyMmJvcmRlciUzQTAlMjIlMjBhbGxvd2Z1bGxzY3JlZW4lM0UlM0MlMkZpZnJhbWUlM0U=[\/vc_raw_html] Nome * Seu e-mail * Assunto Sua mensagem IMPORTANTE: CAMPOS MARCADOS * S\u00c3O OBRIGAT\u00d3RIOS &#916;Av. Nove de Julho, 245 - Centro - CEP12020-200 - Taubat\u00e9\/SPRH - (12) 3632-2550(12) 3632-2550 - WHATSAPPrh@funcabes.com.br rhfolhadepagamento@funcabes.com.br rhvalealimentacao@funcabes.com.br rhvaletransporte@funcabes.com.br atestado@funcabes.com.br rhferias@funcabes.com.brFacebook Hor\u00e1rio de atendimento: Segunda-feira a Sexta-feira 8h \u00e0s 12h 14h \u00e0s 17h","protected":false},"author":1,"featured_media":0,"parent":0,"menu_order":0,"comment_status":"closed","ping_status":"closed","template":"","meta":{"_wpscppro_custom_social_share_image":0,"_facebook_share_type":"","_twitter_share_type":"","_linkedin_share_type":"","_pinterest_share_type":"","_linkedin_share_type_page":"","_instagram_share_type":"","_medium_share_type":"","_threads_share_type":"","_selected_social_profile":[]},"_links":{"self":[{"href":"https:\/\/funcabes.com.br\/convenios\/wp-json\/wp\/v2\/pages\/14"}],"collection":[{"href":"https:\/\/funcabes.com.br\/convenios\/wp-json\/wp\/v2\/pages"}],"about":[{"href":"https:\/\/funcabes.com.br\/convenios\/wp-json\/wp\/v2\/types\/page"}],"author":[{"embeddable":true,"href":"https:\/\/funcabes.com.br\/convenios\/wp-json\/wp\/v2\/users\/1"}],"replies":[{"embeddable":true,"href":"https:\/\/funcabes.com.br\/convenios\/wp-json\/wp\/v2\/comments?post=14"}],"version-history":[{"count":40,"href":"https:\/\/funcabes.com.br\/convenios\/wp-json\/wp\/v2\/pages\/14\/revisions"}],"predecessor-version":[{"id":8572,"href":"https:\/\/funcabes.com.br\/convenios\/wp-json\/wp\/v2\/pages\/14\/revisions\/8572"}],"wp:attachment":[{"href":"https:\/\/funcabes.com.br\/convenios\/wp-json\/wp\/v2\/media?parent=14"}],"curies":[{"name":"wp","href":"https:\/\/api.w.org\/{rel}","templated":true}]}}